{"id":2093,"date":"2020-10-06T16:43:03","date_gmt":"2020-10-06T16:43:03","guid":{"rendered":"https:\/\/upfilms.es\/?page_id=2093"},"modified":"2020-11-26T18:04:55","modified_gmt":"2020-11-26T18:04:55","slug":"gruas","status":"publish","type":"page","link":"https:\/\/upfilms.es\/?page_id=2093","title":{"rendered":"GRUAS"},"content":{"rendered":"<p>[vc_row][vc_column icons_position=\u00bbleft\u00bb]<div id=\"sc_title_1069651827\"\n\t\tclass=\"sc_title color_style_default sc_title_default\"><h3 class=\"sc_item_title sc_title_title sc_align_center sc_item_title_style_default\">GR\u00daAS TELESC\u00d3PICAS Y R\u00cdGIDAS<\/h3><div class=\"sc_item_descr sc_title_descr sc_align_center\"><p>Sistemas de gr\u00faas para c\u00e1maras de todo tipo. Telesc\u00f3picas, R\u00edgidas, varios tama\u00f1os.<\/p>\n<\/div><\/div><!-- \/.sc_title -->[vc_empty_space alter_height=\u00bbsmall\u00bb hide_on_desktop=\u00bb\u00bb hide_on_notebook=\u00bb\u00bb hide_on_tablet=\u00bb\u00bb hide_on_mobile=\u00bb\u00bb css=\u00bb.vc_custom_1510059602600{margin-bottom: -0.5rem !important;}\u00bb][\/vc_column][\/vc_row][vc_row][vc_column icons_position=\u00bbleft\u00bb]<div  id=\"sc_promo_673339708\" \n\tclass=\"sc_promo color_style_default sc_promo_default sc_promo_size_normal sc_promo_image_position_left\"><div class=\"sc_promo_image\" style=\"background-image:url(https:\/\/upfilms.es\/wp-content\/uploads\/2020\/10\/galeria-17.png);width:50%;left: 0;\"><\/div><div class=\"sc_promo_text\" style=\"width: 50%;float: right;\">\n\t\t\t<div class=\"sc_promo_text_inner sc_content_width_50%\" style=\"\"><h4 class=\"sc_item_title sc_promo_title sc_align_left sc_item_title_style_default sc_item_title_tag\">SCORPIO 30\u00b4+ 7\u00b4<\/h4><div class=\"sc_item_descr sc_promo_descr sc_align_left\"><p>Gr\u00faa telesc\u00f3pica de 9 m\/30' de longitud de brazo con opci\u00f3n de extensi\u00f3n de brazo de 2 m\/7' para llegar a 11 m\/37' partiendo desde el mismo tama\u00f1o con el brazo cerrado.<\/p>\n<p>Consta de 3 brazos telesc\u00f3picos que son empujados por el anterior mediante dos cables laterales independientes, permitiendo el doble de seguridad, mayor precisi\u00f3n en el movimiento y menor necesidad de ajuste de tensiones en los propios cables.<\/p>\n<\/div><div class=\"sc_promo_content sc_item_content\">[vc_column_text]<\/p>\n<ul class=\"trx_addons_list trx_addons_list_square\">\n<li>L\u00edmites programables en el movimiento telesc\u00f3pico del brazo.<\/li>\n<li>Memorizaci\u00f3n del movimiento del brazo.<\/li>\n<li>Elevador mec\u00e1nico de columna de 40 cm.<\/li>\n<li>Movimiento del brazo suave tanto en alta como en baja velocidad.<\/li>\n<li>Longitud total 11 metros.<\/li>\n<\/ul>\n<p>[\/vc_column_text]<\/div><div class=\"sc_item_button sc_button_wrap sc_align_left\"><a href=\"\/landscape-video-sample\/\" id=\"sc_button_1240219715\" class=\"sc_button color_style_default sc_button_default sc_item_button sc_item_button_default sc_promo_button sc_button_size_normal sc_button_icon_left\"><span class=\"sc_button_text\"><span class=\"sc_button_title\">Sample Video Footage<\/span><\/span><!-- \/.sc_button_text --><\/a><!-- \/.sc_button --><\/div><!-- \/.sc_item_button --><\/div>\n\t\t<\/div><!-- \/.sc_promo_text --><\/div><!-- \/.sc_promo -->[vc_empty_space alter_height=\u00bbmedium\u00bb hide_on_desktop=\u00bb\u00bb hide_on_notebook=\u00bb\u00bb hide_on_tablet=\u00bb\u00bb hide_on_mobile=\u00bb\u00bb css=\u00bb.vc_custom_1510059870506{margin-bottom: 0.3rem !important;}\u00bb][\/vc_column][\/vc_row][vc_row][vc_column icons_position=\u00bbleft\u00bb]<div  id=\"sc_promo_1975546107\" \n\tclass=\"sc_promo color_style_default sc_promo_default sc_promo_size_normal sc_promo_image_position_right\"><div class=\"sc_promo_image\" style=\"background-image:url(https:\/\/upfilms.es\/wp-content\/uploads\/2020\/11\/egripment-x10.jpg);width:50%;right: 0;\"><\/div><div class=\"sc_promo_text\" style=\"width: 50%;float: left;\">\n\t\t\t<div class=\"sc_promo_text_inner sc_content_width_50%\" style=\"\"><h4 class=\"sc_item_title sc_promo_title sc_align_left sc_item_title_style_default sc_item_title_tag\">EGRIPMENT XTREME T10<\/h4><div class=\"sc_item_descr sc_promo_descr sc_align_left\"><p>Gr\u00faa telesc\u00f3pica de fibra de carbono, Preparada para la realizaci\u00f3n de Realidad aumentada. Codificaci\u00f3n y programaci\u00f3n de movimientos suaves.<\/p>\n<\/div><div class=\"sc_promo_content sc_item_content\">[vc_column_text]<\/p>\n<ul class=\"trx_addons_list trx_addons_list_square\">\n<li>Alcance del brazo 210 cm &#8211; 750 cm<\/li>\n<li>Longitud de funcionamiento 426 cm &#8211; 967 cm<\/li>\n<li>Altura m\u00e1xima 750 cm<\/li>\n<li>Altura m\u00ednima 364 cm<\/li>\n<li>Carga M\u00e1xima 45 Kg<\/li>\n<\/ul>\n<p>[\/vc_column_text]<\/div><div class=\"sc_item_button sc_button_wrap sc_align_left\"><a href=\"\/star1-pro-4k-video-sample\/\" id=\"sc_button_1461923061\" class=\"sc_button color_style_default sc_button_default sc_item_button sc_item_button_default sc_promo_button sc_button_size_normal sc_button_icon_left\"><span class=\"sc_button_text\"><span class=\"sc_button_title\">Sample Video Footage<\/span><\/span><!-- \/.sc_button_text --><\/a><!-- \/.sc_button --><\/div><!-- \/.sc_item_button --><\/div>\n\t\t<\/div><!-- \/.sc_promo_text --><\/div><!-- \/.sc_promo -->[\/vc_column][\/vc_row][vc_row][vc_column icons_position=\u00bbleft\u00bb][vc_empty_space alter_height=\u00bblarge\u00bb hide_on_desktop=\u00bb\u00bb hide_on_notebook=\u00bb\u00bb hide_on_tablet=\u00bb\u00bb hide_on_mobile=\u00bb\u00bb][\/vc_column][\/vc_row]<\/p>\n","protected":false},"excerpt":{"rendered":"<p>[vc_row][vc_column icons_position=\u00bbleft\u00bb][vc_empty_space alter_height=\u00bbsmall\u00bb hide_on_desktop=\u00bb\u00bb hide_on_notebook=\u00bb\u00bb hide_on_tablet=\u00bb\u00bb hide_on_mobile=\u00bb\u00bb css=\u00bb.vc_custom_1510059602600{margin-bottom: -0.5rem !important;}\u00bb][\/vc_column][\/vc_row][vc_row][vc_column icons_position=\u00bbleft\u00bb][vc_empty_space alter_height=\u00bbmedium\u00bb hide_on_desktop=\u00bb\u00bb hide_on_notebook=\u00bb\u00bb hide_on_tablet=\u00bb\u00bb hide_on_mobile=\u00bb\u00bb css=\u00bb.vc_custom_1510059870506{margin-bottom: 0.3rem !important;}\u00bb][\/vc_column][\/vc_row][vc_row][vc_column icons_position=\u00bbleft\u00bb][\/vc_column][\/vc_row][vc_row][vc_column icons_position=\u00bbleft\u00bb][vc_empty_space alter_height=\u00bblarge\u00bb hide_on_desktop=\u00bb\u00bb hide_on_notebook=\u00bb\u00bb hide_on_tablet=\u00bb\u00bb hide_on_mobile=\u00bb\u00bb][\/vc_column][\/vc_row]<\/p>\n","protected":false},"author":1,"featured_media":0,"parent":0,"menu_order":0,"comment_status":"closed","ping_status":"closed","template":"","meta":[],"_links":{"self":[{"href":"https:\/\/upfilms.es\/index.php?rest_route=\/wp\/v2\/pages\/2093"}],"collection":[{"href":"https:\/\/upfilms.es\/index.php?rest_route=\/wp\/v2\/pages"}],"about":[{"href":"https:\/\/upfilms.es\/index.php?rest_route=\/wp\/v2\/types\/page"}],"author":[{"embeddable":true,"href":"https:\/\/upfilms.es\/index.php?rest_route=\/wp\/v2\/users\/1"}],"replies":[{"embeddable":true,"href":"https:\/\/upfilms.es\/index.php?rest_route=%2Fwp%2Fv2%2Fcomments&post=2093"}],"version-history":[{"count":8,"href":"https:\/\/upfilms.es\/index.php?rest_route=\/wp\/v2\/pages\/2093\/revisions"}],"predecessor-version":[{"id":2308,"href":"https:\/\/upfilms.es\/index.php?rest_route=\/wp\/v2\/pages\/2093\/revisions\/2308"}],"wp:attachment":[{"href":"https:\/\/upfilms.es\/index.php?rest_route=%2Fwp%2Fv2%2Fmedia&parent=2093"}],"curies":[{"name":"wp","href":"https:\/\/api.w.org\/{rel}","templated":true}]}}