{"id":2097,"date":"2020-10-06T16:47:23","date_gmt":"2020-10-06T16:47:23","guid":{"rendered":"https:\/\/upfilms.es\/?page_id=2097"},"modified":"2021-02-03T19:26:39","modified_gmt":"2021-02-03T19:26:39","slug":"travelling","status":"publish","type":"page","link":"https:\/\/upfilms.es\/?page_id=2097","title":{"rendered":"TRAVELLING"},"content":{"rendered":"<p>[vc_row][vc_column icons_position=\u00bbleft\u00bb]<div id=\"sc_title_1550181461\"\n\t\tclass=\"sc_title color_style_default sc_title_default\"><h3 class=\"sc_item_title sc_title_title sc_align_center sc_item_title_style_default\">Sistemas de Travelling<\/h3><div class=\"sc_item_descr sc_title_descr sc_align_center\"><p>Disponemos de varios sistemas de Travelling o Cam Rail totalmente configurables seg\u00fan las necesidades de cada cliente. Con v\u00edas rectas o circulares, sin v\u00edas, mec\u00e1nicos o robotizados.<\/p>\n<\/div><\/div><!-- \/.sc_title -->[vc_empty_space alter_height=\u00bbsmall\u00bb hide_on_desktop=\u00bb\u00bb hide_on_notebook=\u00bb\u00bb hide_on_tablet=\u00bb\u00bb hide_on_mobile=\u00bb\u00bb css=\u00bb.vc_custom_1510059602600{margin-bottom: -0.5rem !important;}\u00bb][\/vc_column][\/vc_row][vc_row][vc_column icons_position=\u00bbleft\u00bb]<div  id=\"sc_promo_1903188929\" \n\tclass=\"sc_promo color_style_default sc_promo_default sc_promo_size_normal sc_promo_image_position_left\"><div class=\"sc_promo_image\" style=\"background-image:url(https:\/\/upfilms.es\/wp-content\/uploads\/2020\/10\/galeria-33.png);width:50%;left: 0;\"><\/div><div class=\"sc_promo_text\" style=\"width: 50%;float: right;\">\n\t\t\t<div class=\"sc_promo_text_inner sc_content_width_50%\" style=\"\"><h4 class=\"sc_item_title sc_promo_title sc_align_left sc_item_title_style_default sc_item_title_tag\">TRAVELLING SCORPIO HD<\/h4><div class=\"sc_item_descr sc_promo_descr sc_align_left\"><p>Travelling robotizado, columna telesc\u00f3pica, Para cualquier tipo de c\u00e1mara. Disponibilidad de v\u00edas rectas y curvas.<br \/>\nMovimientos gravables y repetibles en todos los ejes, incluyendo el control de las lentes, para poder trabajar como un \u2018Motion Control\u2019.<\/p>\n<\/div><div class=\"sc_promo_content sc_item_content\">[vc_column_text]<\/p>\n<ul class=\"trx_addons_list trx_addons_list_square\">\n<li>L\u00edmites y velocidad programable.<\/li>\n<li><span style=\"font-size: 14px;\">Altura de la columna: de 50 cm a 170 cm.<\/span><\/li>\n<li>Ancho de via: 40 cm &#8211; 62 cm.<\/li>\n<li>Alimentaci\u00f3n opcional a bater\u00edas.<\/li>\n<li>Cabeza Scorpio \u00abMini Head\u00bb<\/li>\n<\/ul>\n<p>[\/vc_column_text]<\/div><div class=\"sc_item_button sc_button_wrap sc_align_left\"><a href=\"https:\/\/vimeo.com\/504027390\" id=\"sc_button_1378860032\" class=\"sc_button color_style_default sc_button_default sc_item_button sc_item_button_default sc_promo_button sc_button_size_normal sc_button_icon_left\"><span class=\"sc_button_text\"><span class=\"sc_button_title\">VIDEO DEMO <\/span><\/span><!-- \/.sc_button_text --><\/a><!-- \/.sc_button --><\/div><!-- \/.sc_item_button --><\/div>\n\t\t<\/div><!-- \/.sc_promo_text --><\/div><!-- \/.sc_promo -->[vc_empty_space alter_height=\u00bbmedium\u00bb hide_on_desktop=\u00bb\u00bb hide_on_notebook=\u00bb\u00bb hide_on_tablet=\u00bb\u00bb hide_on_mobile=\u00bb\u00bb css=\u00bb.vc_custom_1510059870506{margin-bottom: 0.3rem !important;}\u00bb][\/vc_column][\/vc_row][vc_row][vc_column icons_position=\u00bbleft\u00bb]<div  id=\"sc_promo_559796667\" \n\tclass=\"sc_promo color_style_default sc_promo_default sc_promo_size_normal sc_promo_image_position_right\"><div class=\"sc_promo_image\" style=\"background-image:url(https:\/\/upfilms.es\/wp-content\/uploads\/2020\/10\/galeria-19.png);width:50%;right: 0;\"><\/div><div class=\"sc_promo_text\" style=\"width: 50%;float: left;\">\n\t\t\t<div class=\"sc_promo_text_inner sc_content_width_50%\" style=\"\"><h4 class=\"sc_item_title sc_promo_title sc_align_left sc_item_title_style_default sc_item_title_tag\">CAMARA CAR RC<\/h4><div class=\"sc_item_descr sc_promo_descr sc_align_left\"><p>Mini c\u00e1mara car de radio control, sin montajes complicados, sin v\u00edas. Cabeza estabilizada, puedes usarlo en exterior e interior, retransmisi\u00f3n o grabaci\u00f3n.<\/p>\n<\/div><div class=\"sc_promo_content sc_item_content\">[vc_column_text]<\/p>\n<ul class=\"trx_addons_list trx_addons_list_square\">\n<li>Cabeza estabilizada.<\/li>\n<li>Radio control.<\/li>\n<li>Video enlace Teradek.<\/li>\n<li>Control de c\u00e1mara.<\/li>\n<li>Alta velocidad.<\/li>\n<li>Hasta 4 Kg de c\u00e1mara.<\/li>\n<\/ul>\n<p>[\/vc_column_text]<\/div><div class=\"sc_item_button sc_button_wrap sc_align_left\"><a href=\"https:\/\/vimeo.com\/499183753\" id=\"sc_button_88873968\" class=\"sc_button color_style_default sc_button_default sc_item_button sc_item_button_default sc_promo_button sc_button_size_normal sc_button_icon_left\"><span class=\"sc_button_text\"><span class=\"sc_button_title\">VIDEO DEMO<\/span><\/span><!-- \/.sc_button_text --><\/a><!-- \/.sc_button --><\/div><!-- \/.sc_item_button --><\/div>\n\t\t<\/div><!-- \/.sc_promo_text --><\/div><!-- \/.sc_promo -->[\/vc_column][\/vc_row][vc_row][vc_column icons_position=\u00bbleft\u00bb][vc_empty_space alter_height=\u00bblarge\u00bb hide_on_desktop=\u00bb\u00bb hide_on_notebook=\u00bb\u00bb hide_on_tablet=\u00bb\u00bb hide_on_mobile=\u00bb\u00bb][\/vc_column][\/vc_row]<\/p>\n","protected":false},"excerpt":{"rendered":"<p>[vc_row][vc_column icons_position=\u00bbleft\u00bb][vc_empty_space alter_height=\u00bbsmall\u00bb hide_on_desktop=\u00bb\u00bb hide_on_notebook=\u00bb\u00bb hide_on_tablet=\u00bb\u00bb hide_on_mobile=\u00bb\u00bb css=\u00bb.vc_custom_1510059602600{margin-bottom: -0.5rem !important;}\u00bb][\/vc_column][\/vc_row][vc_row][vc_column icons_position=\u00bbleft\u00bb][vc_empty_space alter_height=\u00bbmedium\u00bb hide_on_desktop=\u00bb\u00bb hide_on_notebook=\u00bb\u00bb hide_on_tablet=\u00bb\u00bb hide_on_mobile=\u00bb\u00bb css=\u00bb.vc_custom_1510059870506{margin-bottom: 0.3rem !important;}\u00bb][\/vc_column][\/vc_row][vc_row][vc_column icons_position=\u00bbleft\u00bb][\/vc_column][\/vc_row][vc_row][vc_column icons_position=\u00bbleft\u00bb][vc_empty_space alter_height=\u00bblarge\u00bb hide_on_desktop=\u00bb\u00bb hide_on_notebook=\u00bb\u00bb hide_on_tablet=\u00bb\u00bb hide_on_mobile=\u00bb\u00bb][\/vc_column][\/vc_row]<\/p>\n","protected":false},"author":1,"featured_media":0,"parent":0,"menu_order":0,"comment_status":"closed","ping_status":"closed","template":"","meta":[],"_links":{"self":[{"href":"https:\/\/upfilms.es\/index.php?rest_route=\/wp\/v2\/pages\/2097"}],"collection":[{"href":"https:\/\/upfilms.es\/index.php?rest_route=\/wp\/v2\/pages"}],"about":[{"href":"https:\/\/upfilms.es\/index.php?rest_route=\/wp\/v2\/types\/page"}],"author":[{"embeddable":true,"href":"https:\/\/upfilms.es\/index.php?rest_route=\/wp\/v2\/users\/1"}],"replies":[{"embeddable":true,"href":"https:\/\/upfilms.es\/index.php?rest_route=%2Fwp%2Fv2%2Fcomments&post=2097"}],"version-history":[{"count":10,"href":"https:\/\/upfilms.es\/index.php?rest_route=\/wp\/v2\/pages\/2097\/revisions"}],"predecessor-version":[{"id":2522,"href":"https:\/\/upfilms.es\/index.php?rest_route=\/wp\/v2\/pages\/2097\/revisions\/2522"}],"wp:attachment":[{"href":"https:\/\/upfilms.es\/index.php?rest_route=%2Fwp%2Fv2%2Fmedia&parent=2097"}],"curies":[{"name":"wp","href":"https:\/\/api.w.org\/{rel}","templated":true}]}}