{"id":2101,"date":"2020-10-06T16:51:27","date_gmt":"2020-10-06T16:51:27","guid":{"rendered":"https:\/\/upfilms.es\/?page_id=2101"},"modified":"2021-01-12T18:52:27","modified_gmt":"2021-01-12T18:52:27","slug":"drones","status":"publish","type":"page","link":"https:\/\/upfilms.es\/?page_id=2101","title":{"rendered":"DRONES"},"content":{"rendered":"<p>[vc_row][vc_column icons_position=\u00bbleft\u00bb]<div id=\"sc_title_1815451117\"\n\t\tclass=\"sc_title color_style_default sc_title_default\"><h3 class=\"sc_item_title sc_title_title sc_align_center sc_item_title_style_default\">NUESTROS DRONES<\/h3><div class=\"sc_item_descr sc_title_descr sc_align_center\"><p>Disponemos de equipos de varios tama\u00f1os y distintas calidades de grabaci\u00f3n. Drones operados por una o dos personas.<\/p>\n<\/div><\/div><!-- \/.sc_title -->[vc_empty_space alter_height=\u00bbsmall\u00bb hide_on_desktop=\u00bb\u00bb hide_on_notebook=\u00bb\u00bb hide_on_tablet=\u00bb\u00bb hide_on_mobile=\u00bb\u00bb css=\u00bb.vc_custom_1510059602600{margin-bottom: -0.5rem !important;}\u00bb][\/vc_column][\/vc_row][vc_row][vc_column icons_position=\u00bbleft\u00bb]<div  id=\"sc_promo_744992532\" \n\tclass=\"sc_promo color_style_default sc_promo_default sc_promo_size_normal sc_promo_image_position_left\"><div class=\"sc_promo_image\" style=\"background-image:url(https:\/\/upfilms.es\/wp-content\/uploads\/2017\/08\/inspire22.jpg);width:50%;left: 0;\"><\/div><div class=\"sc_promo_text\" style=\"width: 50%;float: right;\">\n\t\t\t<div class=\"sc_promo_text_inner sc_content_width_50%\" style=\"\"><h4 class=\"sc_item_title sc_promo_title sc_align_left sc_item_title_style_default sc_item_title_tag\">INSPIRE 2<\/h4><div class=\"sc_item_descr sc_promo_descr sc_align_left\"><p>Drone DJI Inspire 2, aeronave de alta gama y gran rendimiento, dise\u00f1ado para ser operado por dos personas y as\u00ed obtener el m\u00e1ximo rendimiento mezclando movimientos de c\u00e1mara y drone en la misma toma.<\/p>\n<\/div><div class=\"sc_promo_content sc_item_content\">[vc_column_text]<\/p>\n<ul class=\"trx_addons_list trx_addons_list_square\">\n<li>V\u00eddeo 4K<\/li>\n<li>Codec Apple Pro Res o Cinema DNG<\/li>\n<li>C\u00e1mara X5 S<\/li>\n<li>Autonom\u00eda 20 min<\/li>\n<li>Velocidad 70 km\/h<\/li>\n<\/ul>\n<p>[\/vc_column_text]<\/div><div class=\"sc_item_button sc_button_wrap sc_align_left\"><a href=\"https:\/\/vimeo.com\/496978746\" id=\"sc_button_1339945473\" class=\"sc_button color_style_default sc_button_default sc_item_button sc_item_button_default sc_promo_button sc_button_size_normal sc_button_icon_left\"><span class=\"sc_button_text\"><span class=\"sc_button_title\">VIDEO DEMO <\/span><\/span><!-- \/.sc_button_text --><\/a><!-- \/.sc_button --><\/div><!-- \/.sc_item_button --><\/div>\n\t\t<\/div><!-- \/.sc_promo_text --><\/div><!-- \/.sc_promo -->[vc_empty_space alter_height=\u00bbmedium\u00bb hide_on_desktop=\u00bb\u00bb hide_on_notebook=\u00bb\u00bb hide_on_tablet=\u00bb\u00bb hide_on_mobile=\u00bb\u00bb css=\u00bb.vc_custom_1510059870506{margin-bottom: 0.3rem !important;}\u00bb][\/vc_column][\/vc_row][vc_row][vc_column icons_position=\u00bbleft\u00bb]<div  id=\"sc_promo_2022831121\" \n\tclass=\"sc_promo color_style_default sc_promo_default sc_promo_size_normal sc_promo_image_position_right\"><div class=\"sc_promo_image\" style=\"background-image:url(https:\/\/upfilms.es\/wp-content\/uploads\/2020\/11\/mavic-2-zoom-.jpg);width:50%;right: 0;\"><\/div><div class=\"sc_promo_text\" style=\"width: 50%;float: left;\">\n\t\t\t<div class=\"sc_promo_text_inner sc_content_width_50%\" style=\"\"><h4 class=\"sc_item_title sc_promo_title sc_align_left sc_item_title_style_default sc_item_title_tag\">MAVIC 2 ZOOM<\/h4><div class=\"sc_item_descr sc_promo_descr sc_align_left\"><p>Drone de reducido tama\u00f1o, pero de gran calidad de grabaci\u00f3n. Operado por una \u00fanica persona, fiable y muy estable.<\/p>\n<\/div><div class=\"sc_promo_content sc_item_content\">[vc_column_text]<\/p>\n<ul class=\"trx_addons_list trx_addons_list_square\">\n<li>Video 4K<\/li>\n<li>Zoom \u00f3ptico<\/li>\n<li>Autonom\u00eda 22 min<\/li>\n<li>Peso 1.8 Kg<\/li>\n<li>Velocidad 65 km\/h<\/li>\n<\/ul>\n<p>[\/vc_column_text]<\/div><div class=\"sc_item_button sc_button_wrap sc_align_left\"><a href=\"https:\/\/vimeo.com\/496978746ple\/\" id=\"sc_button_72443116\" class=\"sc_button color_style_default sc_button_default sc_item_button sc_item_button_default sc_promo_button sc_button_size_normal sc_button_icon_left\"><span class=\"sc_button_text\"><span class=\"sc_button_title\">VIDEO DEMO<\/span><\/span><!-- \/.sc_button_text --><\/a><!-- \/.sc_button --><\/div><!-- \/.sc_item_button --><\/div>\n\t\t<\/div><!-- \/.sc_promo_text --><\/div><!-- \/.sc_promo -->[\/vc_column][\/vc_row][vc_row][vc_column icons_position=\u00bbleft\u00bb][vc_empty_space alter_height=\u00bblarge\u00bb hide_on_desktop=\u00bb\u00bb hide_on_notebook=\u00bb\u00bb hide_on_tablet=\u00bb\u00bb hide_on_mobile=\u00bb\u00bb][\/vc_column][\/vc_row]<\/p>\n","protected":false},"excerpt":{"rendered":"<p>[vc_row][vc_column icons_position=\u00bbleft\u00bb][vc_empty_space alter_height=\u00bbsmall\u00bb hide_on_desktop=\u00bb\u00bb hide_on_notebook=\u00bb\u00bb hide_on_tablet=\u00bb\u00bb hide_on_mobile=\u00bb\u00bb css=\u00bb.vc_custom_1510059602600{margin-bottom: -0.5rem !important;}\u00bb][\/vc_column][\/vc_row][vc_row][vc_column icons_position=\u00bbleft\u00bb][vc_empty_space alter_height=\u00bbmedium\u00bb hide_on_desktop=\u00bb\u00bb hide_on_notebook=\u00bb\u00bb hide_on_tablet=\u00bb\u00bb hide_on_mobile=\u00bb\u00bb css=\u00bb.vc_custom_1510059870506{margin-bottom: 0.3rem !important;}\u00bb][\/vc_column][\/vc_row][vc_row][vc_column icons_position=\u00bbleft\u00bb][\/vc_column][\/vc_row][vc_row][vc_column icons_position=\u00bbleft\u00bb][vc_empty_space alter_height=\u00bblarge\u00bb hide_on_desktop=\u00bb\u00bb hide_on_notebook=\u00bb\u00bb hide_on_tablet=\u00bb\u00bb hide_on_mobile=\u00bb\u00bb][\/vc_column][\/vc_row]<\/p>\n","protected":false},"author":1,"featured_media":0,"parent":0,"menu_order":0,"comment_status":"closed","ping_status":"closed","template":"","meta":[],"_links":{"self":[{"href":"https:\/\/upfilms.es\/index.php?rest_route=\/wp\/v2\/pages\/2101"}],"collection":[{"href":"https:\/\/upfilms.es\/index.php?rest_route=\/wp\/v2\/pages"}],"about":[{"href":"https:\/\/upfilms.es\/index.php?rest_route=\/wp\/v2\/types\/page"}],"author":[{"embeddable":true,"href":"https:\/\/upfilms.es\/index.php?rest_route=\/wp\/v2\/users\/1"}],"replies":[{"embeddable":true,"href":"https:\/\/upfilms.es\/index.php?rest_route=%2Fwp%2Fv2%2Fcomments&post=2101"}],"version-history":[{"count":8,"href":"https:\/\/upfilms.es\/index.php?rest_route=\/wp\/v2\/pages\/2101\/revisions"}],"predecessor-version":[{"id":2457,"href":"https:\/\/upfilms.es\/index.php?rest_route=\/wp\/v2\/pages\/2101\/revisions\/2457"}],"wp:attachment":[{"href":"https:\/\/upfilms.es\/index.php?rest_route=%2Fwp%2Fv2%2Fmedia&parent=2101"}],"curies":[{"name":"wp","href":"https:\/\/api.w.org\/{rel}","templated":true}]}}