{"id":2310,"date":"2020-11-26T18:25:20","date_gmt":"2020-11-26T18:25:20","guid":{"rendered":"https:\/\/upfilms.es\/?page_id=2310"},"modified":"2021-02-08T18:58:56","modified_gmt":"2021-02-08T18:58:56","slug":"towercam","status":"publish","type":"page","link":"https:\/\/upfilms.es\/?page_id=2310","title":{"rendered":"TOWERCAM"},"content":{"rendered":"<p>[vc_row][vc_column icons_position=\u00bbleft\u00bb]<div id=\"sc_title_737445862\"\n\t\tclass=\"sc_title color_style_default sc_title_default\"><h3 class=\"sc_item_title sc_title_title sc_align_center sc_item_title_style_default\">TOWERCAM<\/h3><div class=\"sc_item_descr sc_title_descr sc_align_center\"><p>Sistema de elevaci\u00f3n telesc\u00f3pico para c\u00e1maras profesionales. Se puede instalar sobre v\u00edas de travelling o invertido.<\/p>\n<\/div><\/div><!-- \/.sc_title -->[vc_empty_space alter_height=\u00bbsmall\u00bb hide_on_desktop=\u00bb\u00bb hide_on_notebook=\u00bb\u00bb hide_on_tablet=\u00bb\u00bb hide_on_mobile=\u00bb\u00bb css=\u00bb.vc_custom_1510059602600{margin-bottom: -0.5rem !important;}\u00bb][\/vc_column][\/vc_row][vc_row][vc_column icons_position=\u00bbleft\u00bb]<div  id=\"sc_promo_131708183\" \n\tclass=\"sc_promo color_style_default sc_promo_default sc_promo_size_normal sc_promo_image_position_left\"><div class=\"sc_promo_image\" style=\"background-image:url(https:\/\/upfilms.es\/wp-content\/uploads\/2021\/02\/TOWERCAM-FONDO-WEB-.jpg);width:50%;left: 0;\"><\/div><div class=\"sc_promo_text trx_addons_stretch_height\" style=\"width: 50%;float: right;\">\n\t\t\t<div class=\"sc_promo_text_inner sc_content_width_50%\" style=\"\"><h4 class=\"sc_item_title sc_promo_title sc_align_left sc_item_title_style_default sc_item_title_tag\">MAT TOWERCAM XL<\/h4><div class=\"sc_item_descr sc_promo_descr sc_align_left\"><p>Elevaci\u00f3n telesc\u00f3pica de c\u00e1mara hasta 9 metros. puedes instalarla sobre v\u00edas o en posici\u00f3n invertida.<\/p>\n<\/div><div class=\"sc_promo_content sc_item_content\">[vc_column_text]<\/p>\n<ul class=\"trx_addons_list trx_addons_list_square\">\n<li>Altura m\u00e1xima 10 Metros<\/li>\n<li><span style=\"font-size: 14px;\">Altura m\u00ednima 2,90 Metros<\/span><\/li>\n<li>Peso 90 Kg<\/li>\n<li>Velocidad 0,8 m\/s<\/li>\n<\/ul>\n<p>[\/vc_column_text]<\/div><div class=\"sc_item_button sc_button_wrap sc_align_left\"><a href=\"\/landscape-video-sample\/\" id=\"sc_button_1815624339\" class=\"sc_button color_style_default sc_button_default sc_item_button sc_item_button_default sc_promo_button sc_button_size_normal sc_button_icon_left\"><span class=\"sc_button_text\"><span class=\"sc_button_title\">Sample Video Footage<\/span><\/span><!-- \/.sc_button_text --><\/a><!-- \/.sc_button --><\/div><!-- \/.sc_item_button --><\/div>\n\t\t<\/div><!-- \/.sc_promo_text --><\/div><!-- \/.sc_promo -->[vc_empty_space alter_height=\u00bbmedium\u00bb hide_on_desktop=\u00bb\u00bb hide_on_notebook=\u00bb\u00bb hide_on_tablet=\u00bb\u00bb hide_on_mobile=\u00bb\u00bb css=\u00bb.vc_custom_1510059870506{margin-bottom: 0.3rem !important;}\u00bb][\/vc_column][\/vc_row][vc_row][vc_column icons_position=\u00bbleft\u00bb][\/vc_column][\/vc_row][vc_row][vc_column icons_position=\u00bbleft\u00bb][vc_empty_space alter_height=\u00bblarge\u00bb hide_on_desktop=\u00bb\u00bb hide_on_notebook=\u00bb\u00bb hide_on_tablet=\u00bb\u00bb hide_on_mobile=\u00bb\u00bb][\/vc_column][\/vc_row]<\/p>\n","protected":false},"excerpt":{"rendered":"<p>[vc_row][vc_column icons_position=\u00bbleft\u00bb][vc_empty_space alter_height=\u00bbsmall\u00bb hide_on_desktop=\u00bb\u00bb hide_on_notebook=\u00bb\u00bb hide_on_tablet=\u00bb\u00bb hide_on_mobile=\u00bb\u00bb css=\u00bb.vc_custom_1510059602600{margin-bottom: -0.5rem !important;}\u00bb][\/vc_column][\/vc_row][vc_row][vc_column icons_position=\u00bbleft\u00bb][vc_empty_space alter_height=\u00bbmedium\u00bb hide_on_desktop=\u00bb\u00bb hide_on_notebook=\u00bb\u00bb hide_on_tablet=\u00bb\u00bb hide_on_mobile=\u00bb\u00bb css=\u00bb.vc_custom_1510059870506{margin-bottom: 0.3rem !important;}\u00bb][\/vc_column][\/vc_row][vc_row][vc_column icons_position=\u00bbleft\u00bb][\/vc_column][\/vc_row][vc_row][vc_column icons_position=\u00bbleft\u00bb][vc_empty_space alter_height=\u00bblarge\u00bb hide_on_desktop=\u00bb\u00bb hide_on_notebook=\u00bb\u00bb hide_on_tablet=\u00bb\u00bb hide_on_mobile=\u00bb\u00bb][\/vc_column][\/vc_row]<\/p>\n","protected":false},"author":1,"featured_media":0,"parent":0,"menu_order":0,"comment_status":"closed","ping_status":"closed","template":"","meta":[],"_links":{"self":[{"href":"https:\/\/upfilms.es\/index.php?rest_route=\/wp\/v2\/pages\/2310"}],"collection":[{"href":"https:\/\/upfilms.es\/index.php?rest_route=\/wp\/v2\/pages"}],"about":[{"href":"https:\/\/upfilms.es\/index.php?rest_route=\/wp\/v2\/types\/page"}],"author":[{"embeddable":true,"href":"https:\/\/upfilms.es\/index.php?rest_route=\/wp\/v2\/users\/1"}],"replies":[{"embeddable":true,"href":"https:\/\/upfilms.es\/index.php?rest_route=%2Fwp%2Fv2%2Fcomments&post=2310"}],"version-history":[{"count":5,"href":"https:\/\/upfilms.es\/index.php?rest_route=\/wp\/v2\/pages\/2310\/revisions"}],"predecessor-version":[{"id":2313,"href":"https:\/\/upfilms.es\/index.php?rest_route=\/wp\/v2\/pages\/2310\/revisions\/2313"}],"wp:attachment":[{"href":"https:\/\/upfilms.es\/index.php?rest_route=%2Fwp%2Fv2%2Fmedia&parent=2310"}],"curies":[{"name":"wp","href":"https:\/\/api.w.org\/{rel}","templated":true}]}}