{"id":232,"date":"2017-08-03T13:39:52","date_gmt":"2017-08-03T13:39:52","guid":{"rendered":"https:\/\/upfilms.es\/?page_id=232"},"modified":"2021-01-12T18:09:06","modified_gmt":"2021-01-12T18:09:06","slug":"drones-equipment","status":"publish","type":"page","link":"https:\/\/upfilms.es\/?page_id=232","title":{"rendered":"ROBYCAM"},"content":{"rendered":"<p>[vc_row][vc_column icons_position=\u00bbleft\u00bb]<div id=\"sc_title_146531758\"\n\t\tclass=\"sc_title color_style_default sc_title_default\"><h3 class=\"sc_item_title sc_title_title sc_align_center sc_item_title_style_default\">ROBYCAM COMPACT 3D<\/h3><div class=\"sc_item_descr sc_title_descr sc_align_center\"><p>Robycam Compact es un sistema modular que puede ser instalado en modo 3D (4 puntos) o 2D (2 puntos) para acomodar una amplia variedad de lugares y ubicaciones de instalaci\u00f3n. El v\u00eddeo y los datos se alimentan a trav\u00e9s de un cable de fibra \u00f3ptica, asegurando que no haya p\u00e9rdida de se\u00f1al debido a interferencias de radio en ning\u00fan entorno.<\/p>\n<\/div><\/div><!-- \/.sc_title -->[vc_empty_space alter_height=\u00bbsmall\u00bb hide_on_desktop=\u00bb\u00bb hide_on_notebook=\u00bb\u00bb hide_on_tablet=\u00bb\u00bb hide_on_mobile=\u00bb\u00bb css=\u00bb.vc_custom_1510059602600{margin-bottom: -0.5rem !important;}\u00bb][\/vc_column][\/vc_row][vc_row][vc_column icons_position=\u00bbleft\u00bb]<div  id=\"sc_promo_674426393\" \n\tclass=\"sc_promo color_style_default sc_promo_default sc_promo_size_normal sc_promo_image_position_left\"><div class=\"sc_promo_image\" style=\"background-image:url(https:\/\/upfilms.es\/wp-content\/uploads\/2020\/10\/galeria-34.png);width:50%;left: 0;\"><\/div><div class=\"sc_promo_text\" style=\"width: 50%;float: right;\">\n\t\t\t<div class=\"sc_promo_text_inner sc_content_width_50%\" style=\"\"><h4 class=\"sc_item_title sc_promo_title sc_align_left sc_item_title_style_default sc_item_title_tag\">ROBYCAM<\/h4><div class=\"sc_item_descr sc_promo_descr sc_align_left\"><p>El Compact est\u00e1 dise\u00f1ado para trabajos de estudio y lugares donde el espacio es un lujo y normalmente no se considerar\u00eda el uso de un sistema de c\u00e1mara de cable suspendido. Lo que hace \u00fanico al sistema Compact es el tama\u00f1o del cabestrante y la cabeza. Los cabestrantes son compactos pero pueden proporcionar suficiente fuerza para lograr un estrecho \u00e1ngulo de ca\u00edda de 4,5 grados. La cabeza girosc\u00f3pica del Compact reduce el tama\u00f1o pero no sacrifica caracter\u00edsticas, Gracias a su peque\u00f1o tama\u00f1o, el sistema es m\u00e1s ligero de transportar y m\u00e1s r\u00e1pido de configurar.<\/p>\n<\/div><div class=\"sc_promo_content sc_item_content\">[vc_column_text]<\/p>\n<ul class=\"trx_addons_list trx_addons_list_square\">\n<li><span style=\"font-size: 14px;\">Movimientos pre grabados<\/span><\/li>\n<li>80 x 80 metros<\/li>\n<li>Angulo minimo 4.5\u00ba<\/li>\n<li>8 horas de autonom\u00eda<\/li>\n<li>Datos y v\u00eddeo por fibra \u00f3ptica<\/li>\n<\/ul>\n<p>[\/vc_column_text]<\/div><div class=\"sc_item_button sc_button_wrap sc_align_left\"><a href=\"https:\/\/vimeo.com\/494773923\" id=\"sc_button_1056254379\" class=\"sc_button color_style_default sc_button_default sc_item_button sc_item_button_default sc_promo_button sc_button_size_normal sc_button_icon_left\"><span class=\"sc_button_text\"><span class=\"sc_button_title\">VIDEO DEMO<\/span><\/span><!-- \/.sc_button_text --><\/a><!-- \/.sc_button --><\/div><!-- \/.sc_item_button --><\/div>\n\t\t<\/div><!-- \/.sc_promo_text --><\/div><!-- \/.sc_promo -->[vc_empty_space alter_height=\u00bbmedium\u00bb hide_on_desktop=\u00bb\u00bb hide_on_notebook=\u00bb\u00bb hide_on_tablet=\u00bb\u00bb hide_on_mobile=\u00bb\u00bb css=\u00bb.vc_custom_1510059870506{margin-bottom: 0.3rem !important;}\u00bb][\/vc_column][\/vc_row][vc_row][vc_column icons_position=\u00bbleft\u00bb]<div  id=\"sc_promo_2074165838\" \n\tclass=\"sc_promo color_style_default sc_promo_default sc_promo_size_normal sc_promo_image_position_right\"><div class=\"sc_promo_image\" style=\"background-image:url(https:\/\/upfilms.es\/wp-content\/uploads\/2020\/10\/Roby-con-cabeza-grande-.png);width:50%;right: 0;\"><\/div><div class=\"sc_promo_text\" style=\"width: 50%;float: left;\">\n\t\t\t<div class=\"sc_promo_text_inner sc_content_width_50%\" style=\"\"><h4 class=\"sc_item_title sc_promo_title sc_align_left sc_item_title_style_default sc_item_title_tag\">REALIDAD AUMENTADA Y ROBYCAM<\/h4><div class=\"sc_item_descr sc_promo_descr sc_align_left\"><p>La tecnolog\u00eda de rastreo AR integra sensores de movimiento y posici\u00f3n en nuestras cabezas giroestabilizadas con datos de lentes y c\u00e1maras para proporcionar una alimentaci\u00f3n de datos en tiempo real a cualquier servidor gr\u00e1fico est\u00e1ndar de la industria. Esto permite que los objetos virtuales y los gr\u00e1ficos de realidad aumentada se a\u00f1adan a la alimentaci\u00f3n de v\u00eddeo para la producci\u00f3n en vivo y la composici\u00f3n sobre la marcha para la narraci\u00f3n<\/p>\n<\/div><div class=\"sc_promo_content sc_item_content\">[vc_column_text]<\/p>\n<ul class=\"trx_addons_list trx_addons_list_square\">\n<li>No requiere software especial<\/li>\n<li>produce valores finales computados<\/li>\n<li>FreeD o UDP<\/li>\n<li>Lentes Canon y Fujinon motorizadas<\/li>\n<li>Delay 2 Frames<\/li>\n<\/ul>\n<p>[\/vc_column_text]<\/div><div class=\"sc_item_button sc_button_wrap sc_align_left\"><a href=\"https:\/\/vimeo.com\/494773923\" id=\"sc_button_1415621312\" class=\"sc_button color_style_default sc_button_default sc_item_button sc_item_button_default sc_promo_button sc_button_size_normal sc_button_icon_left\"><span class=\"sc_button_text\"><span class=\"sc_button_title\">VIDEO DEMO<\/span><\/span><!-- \/.sc_button_text --><\/a><!-- \/.sc_button --><\/div><!-- \/.sc_item_button --><\/div>\n\t\t<\/div><!-- \/.sc_promo_text --><\/div><!-- \/.sc_promo -->[\/vc_column][\/vc_row][vc_row][vc_column icons_position=\u00bbleft\u00bb][vc_empty_space alter_height=\u00bblarge\u00bb hide_on_desktop=\u00bb\u00bb hide_on_notebook=\u00bb\u00bb hide_on_tablet=\u00bb\u00bb hide_on_mobile=\u00bb\u00bb][\/vc_column][\/vc_row]<\/p>\n","protected":false},"excerpt":{"rendered":"<p>[vc_row][vc_column icons_position=\u00bbleft\u00bb][vc_empty_space alter_height=\u00bbsmall\u00bb hide_on_desktop=\u00bb\u00bb hide_on_notebook=\u00bb\u00bb hide_on_tablet=\u00bb\u00bb hide_on_mobile=\u00bb\u00bb css=\u00bb.vc_custom_1510059602600{margin-bottom: -0.5rem !important;}\u00bb][\/vc_column][\/vc_row][vc_row][vc_column icons_position=\u00bbleft\u00bb][vc_empty_space alter_height=\u00bbmedium\u00bb hide_on_desktop=\u00bb\u00bb hide_on_notebook=\u00bb\u00bb hide_on_tablet=\u00bb\u00bb hide_on_mobile=\u00bb\u00bb css=\u00bb.vc_custom_1510059870506{margin-bottom: 0.3rem !important;}\u00bb][\/vc_column][\/vc_row][vc_row][vc_column icons_position=\u00bbleft\u00bb][\/vc_column][\/vc_row][vc_row][vc_column icons_position=\u00bbleft\u00bb][vc_empty_space alter_height=\u00bblarge\u00bb hide_on_desktop=\u00bb\u00bb hide_on_notebook=\u00bb\u00bb hide_on_tablet=\u00bb\u00bb hide_on_mobile=\u00bb\u00bb][\/vc_column][\/vc_row]<\/p>\n","protected":false},"author":1,"featured_media":0,"parent":0,"menu_order":0,"comment_status":"closed","ping_status":"closed","template":"","meta":[],"_links":{"self":[{"href":"https:\/\/upfilms.es\/index.php?rest_route=\/wp\/v2\/pages\/232"}],"collection":[{"href":"https:\/\/upfilms.es\/index.php?rest_route=\/wp\/v2\/pages"}],"about":[{"href":"https:\/\/upfilms.es\/index.php?rest_route=\/wp\/v2\/types\/page"}],"author":[{"embeddable":true,"href":"https:\/\/upfilms.es\/index.php?rest_route=\/wp\/v2\/users\/1"}],"replies":[{"embeddable":true,"href":"https:\/\/upfilms.es\/index.php?rest_route=%2Fwp%2Fv2%2Fcomments&post=232"}],"version-history":[{"count":9,"href":"https:\/\/upfilms.es\/index.php?rest_route=\/wp\/v2\/pages\/232\/revisions"}],"predecessor-version":[{"id":2455,"href":"https:\/\/upfilms.es\/index.php?rest_route=\/wp\/v2\/pages\/232\/revisions\/2455"}],"wp:attachment":[{"href":"https:\/\/upfilms.es\/index.php?rest_route=%2Fwp%2Fv2%2Fmedia&parent=232"}],"curies":[{"name":"wp","href":"https:\/\/api.w.org\/{rel}","templated":true}]}}