{"id":276,"date":"2017-08-04T11:08:40","date_gmt":"2017-08-04T11:08:40","guid":{"rendered":"https:\/\/upfilms.es\/?page_id=276"},"modified":"2021-02-08T18:42:42","modified_gmt":"2021-02-08T18:42:42","slug":"our-team","status":"publish","type":"page","link":"https:\/\/upfilms.es\/?page_id=276","title":{"rendered":"NOSOTROS"},"content":{"rendered":"<p>[vc_row equal_height=\u00bbyes\u00bb content_placement=\u00bbmiddle\u00bb][vc_column icons_position=\u00bbleft\u00bb][vc_empty_space alter_height=\u00bbbiggest\u00bb hide_on_desktop=\u00bb\u00bb hide_on_notebook=\u00bb\u00bb hide_on_tablet=\u00bb\u00bb hide_on_mobile=\u00bb\u00bb css=\u00bb.vc_custom_1510128014808{margin-top: 0.5rem !important;}\u00bb][\/vc_column][vc_column icons_position=\u00bbleft\u00bb offset=\u00bbvc_col-md-6&#8243;][vc_single_image image=\u00bb2413&#8243; img_size=\u00bbfull\u00bb alignment=\u00bbcenter\u00bb][\/vc_column][vc_column icons_position=\u00bbleft\u00bb offset=\u00bbvc_hidden-lg vc_hidden-md\u00bb][vc_empty_space alter_height=\u00bblarge\u00bb hide_on_desktop=\u00bb\u00bb hide_on_notebook=\u00bb\u00bb hide_on_tablet=\u00bb\u00bb hide_on_mobile=\u00bb\u00bb][\/vc_column][vc_column icons_position=\u00bbleft\u00bb offset=\u00bbvc_col-md-6&#8243;][vc_empty_space alter_height=\u00bbsmall\u00bb hide_on_desktop=\u00bb\u00bb hide_on_notebook=\u00bb\u00bb hide_on_tablet=\u00bb\u00bb hide_on_mobile=\u00bb\u00bb]<div id=\"sc_title_957569545\"\n\t\tclass=\"sc_title color_style_default sc_title_default\"><h3 class=\"sc_item_title sc_title_title sc_align_left sc_item_title_style_default\">Bienvenidos a Up Films<\/h3><\/div><!-- \/.sc_title -->[vc_empty_space alter_height=\u00bbmedium\u00bb hide_on_desktop=\u00bb\u00bb hide_on_notebook=\u00bb\u00bb hide_on_tablet=\u00bb\u00bb hide_on_mobile=\u00bb\u00bb css=\u00bb.vc_custom_1510127314288{margin-bottom: -0.4rem !important;}\u00bb][vc_column_text]<strong>Somos un equipo apasionado por capturar la toma perfecta. Nos comprometemos a ofrecer los mejores resultados a nuestros clientes estando atentos a todas sus necesidades y adoptando un enfoque profesional y orientado al detalle.<\/strong><\/p>\n<p>En Up Films, entendemos a nuestros clientes y sus necesidades, creemos en la necesidad de estudiar cada proyecto o instalaci\u00f3n para conseguir el m\u00e1ximo rendimiento de nuestro equipo t\u00e9cnico y humano.<\/p>\n<p>Nuestros proveedores son conocidos a nivel mundial.[\/vc_column_text][vc_empty_space alter_height=\u00bbmedium\u00bb hide_on_desktop=\u00bb\u00bb hide_on_notebook=\u00bb\u00bb hide_on_tablet=\u00bb\u00bb hide_on_mobile=\u00bb\u00bb]<div id=\"widget_slider_424358112\" class=\"widget_area sc_widget_slider vc_widget_slider wpb_content_element\"><aside id=\"widget_slider_424358112_widget\" class=\"widget widget_slider\">\t\t\t<div class=\"slider_wrap slider_engine_swiper\">\n\t\t\t\t<div id=\"widget_slider_424358112_outer\" class=\"slider_outer slider_swiper_outer slider_style_default slider_outer_direction_horizontal slider_outer_multi slider_outer_nopagination slider_outer_nocontrols slider_outer_titles_center\"><div id=\"widget_slider_424358112_swiper\" class=\"slider_container slider_swiper swiper-slider-container slider_nocontrols slider_titles_center slider_resize slider_height_auto slider_direction_horizontal slider_nopagination slider_multi slider_type_images\" data-ratio=\"16:9\" data-interval=\"5000\" data-effect=\"slide\" data-pagination=\"bullets\" data-direction=\"horizontal\" data-slides-per-view=\"3\" data-slides-space=\"0\"><div class=\"slider-wrapper swiper-wrapper\"><div  class=\"slider-slide swiper-slide\" data-image=\"https:\/\/upfilms.es\/wp-content\/uploads\/2020\/10\/Robycam_logo.png\" style=\"\"><img src=\"https:\/\/upfilms.es\/wp-content\/uploads\/2020\/10\/Robycam_logo.png\" alt=\"\"><a href=\"https:\/\/www.robycam.tv\" class=\"slide_link\"><\/a><\/div><div  class=\"slider-slide swiper-slide\" data-image=\"https:\/\/upfilms.es\/wp-content\/uploads\/2020\/10\/logo-flowcine-.png\" style=\"\"><img src=\"https:\/\/upfilms.es\/wp-content\/uploads\/2020\/10\/logo-flowcine-.png\" alt=\"\"><a href=\"https:\/\/www.flowcine.com\" class=\"slide_link\"><\/a><\/div><div  class=\"slider-slide swiper-slide\" data-image=\"https:\/\/upfilms.es\/wp-content\/uploads\/2020\/10\/DJI-Logo.png\" style=\"\"><img src=\"https:\/\/upfilms.es\/wp-content\/uploads\/2020\/10\/DJI-Logo.png\" alt=\"\"><a href=\"https:\/\/www.dji.com\/es?wgu=266115_16644_16020070934212_39f786caaf&#038;wgexpiry=1609783093&#038;pbc=webgains-de&#038;clickid=266115_16644_16020070934212_39f786caaf\" class=\"slide_link\"><\/a><\/div><div  class=\"slider-slide swiper-slide\" data-image=\"https:\/\/upfilms.es\/wp-content\/uploads\/2020\/10\/teradek.png\" style=\"\"><img src=\"https:\/\/upfilms.es\/wp-content\/uploads\/2020\/10\/teradek.png\" alt=\"\"><a href=\"https:\/\/teradek.com\" class=\"slide_link\"><\/a><\/div><div  class=\"slider-slide swiper-slide\" data-image=\"https:\/\/upfilms.es\/wp-content\/uploads\/2020\/10\/servicevision-logo-.png\" style=\"\"><img src=\"https:\/\/upfilms.es\/wp-content\/uploads\/2020\/10\/servicevision-logo-.png\" alt=\"\"><a href=\"https:\/\/servicevision.es\/es\" class=\"slide_link\"><\/a><\/div><\/div><!-- \/.slider-wrapper --><\/div><!-- \/.slider_container --><\/div><!-- \/.slider_outer -->\t\t\t<\/div>\n\t\t\t<\/aside><\/div>[\/vc_column][vc_column icons_position=\u00bbleft\u00bb offset=\u00bbvc_hidden-sm vc_hidden-xs\u00bb][vc_empty_space alter_height=\u00bbbiggest\u00bb hide_on_desktop=\u00bb\u00bb hide_on_notebook=\u00bb\u00bb hide_on_tablet=\u00bb\u00bb hide_on_mobile=\u00bb\u00bb css=\u00bb.vc_custom_1510128096009{margin-bottom: 0.5rem !important;}\u00bb][\/vc_column][\/vc_row][vc_row full_width=\u00bbstretch_row_content_no_spaces\u00bb css=\u00bb.vc_custom_1510128180134{background-color: #222d35 !important;}\u00bb][vc_column fix_column=\u00bb\u00bb hide_bg_image_on_tablet=\u00bb\u00bb hide_bg_image_on_mobile=\u00bb\u00bb icons_position=\u00bbleft\u00bb offset=\u00bbvc_col-md-6&#8243; el_class=\u00bbcustom_ot_bl\u00bb][vc_empty_space alter_height=\u00bbbiggest\u00bb hide_on_desktop=\u00bb\u00bb hide_on_notebook=\u00bb\u00bb hide_on_tablet=\u00bb\u00bb hide_on_mobile=\u00bb\u00bb css=\u00bb.vc_custom_1510134610378{margin-top: 0.8rem !important;}\u00bb]<div id=\"sc_content_1730987257\"\n\t\tclass=\"sc_content color_style_default scheme_dark sc_content_default sc_content_width_1_2 sc_float_right sc_padding_tiny custom_home\"><div class=\"sc_content_container\"><div id=\"sc_title_883973277\"\n\t\tclass=\"sc_title color_style_default sc_title_default\"><h3 class=\"sc_item_title sc_title_title sc_align_left sc_item_title_style_default\">Somos Especialistas<\/h3><\/div><!-- \/.sc_title -->[vc_empty_space alter_height=\u00bbmedium\u00bb hide_on_desktop=\u00bb\u00bb hide_on_notebook=\u00bb\u00bb hide_on_tablet=\u00bb\u00bb hide_on_mobile=\u00bb\u00bb css=\u00bb.vc_custom_1510134628195{margin-top: 0.4rem !important;}\u00bb]<div id=\"widget_slider_56277302\" class=\"widget_area sc_widget_slider vc_widget_slider wpb_content_element custom_ot_sl\"><aside id=\"widget_slider_56277302_widget\" class=\"widget widget_slider\">\t\t\t<div class=\"slider_wrap slider_engine_swiper\">\n\t\t\t\t<div id=\"widget_slider_56277302_outer\" class=\"slider_outer slider_swiper_outer slider_style_default slider_outer_direction_horizontal slider_outer_one slider_outer_pagination slider_outer_pagination_bullets slider_outer_pagination_pos_bottom_left slider_outer_nocontrols slider_outer_titles_center\"><div id=\"widget_slider_56277302_swiper\" class=\"slider_container slider_swiper swiper-slider-container slider_nocontrols slider_titles_center slider_noresize slider_height_auto slider_direction_horizontal slider_pagination slider_pagination_bullets slider_pagination_pos_bottom_left slider_one slider_type_bg\" data-ratio=\"16:9\" data-interval=\"7000\" data-effect=\"slide\" data-pagination=\"bullets\" data-direction=\"horizontal\" data-slides-per-view=\"1\" data-slides-space=\"0\"><div class=\"slider-wrapper swiper-wrapper\"><div  id=\"slide_380660189\" class=\"slider-slide swiper-slide\" style=\"\"><div class=\"slide_content\">[vc_column_text]<\/p>\n<h5><span class=\"icon-commercial\">\u00a0Televisi\u00f3n<\/span><\/h5>\n<p>Nuestros equipos forman parte de los formatos m\u00e1s conocidos y exitosos. Programas de estudio y exteriores, retransmisiones en directo, Realitys, concursos, magazine, variedades y series de ficci\u00f3n.[\/vc_column_text]<\/div><\/div><div  id=\"slide_1763508095\" class=\"slider-slide swiper-slide\" style=\"\"><div class=\"slide_content\">[vc_column_text]<\/p>\n<h5><span class=\"icon-weddings\">\u00a0<\/span> Cine<\/h5>\n<p>Tambi\u00e9n tenemos presencia en formatos de ficci\u00f3n como series, Pel\u00edculas o documentales. La experiencia nos avala.[\/vc_column_text]<\/div><\/div><div  id=\"slide_424610758\" class=\"slider-slide swiper-slide\" style=\"\"><div class=\"slide_content\">[vc_column_text]<\/p>\n<h5><span class=\"icon-concert\">\u00a0<\/span> Conciertos y Eventos<\/h5>\n<p>Somos especialistas en montajes complejos en conciertos, festivales y eventos. Nuestra amplia experiencia en este tipo de montajes lo dice todo.[\/vc_column_text]<\/div><\/div><div  id=\"slide_1196916212\" class=\"slider-slide swiper-slide\" style=\"\"><div class=\"slide_content\">[vc_column_text]<\/p>\n<h5><span class=\"icon-sport\">\u00a0<\/span> Video corporativo<\/h5>\n<p>Si quieres darle una calidad profesional a tu video industrial o corporativo, tienes que contar con nosotros.[\/vc_column_text]<\/div><\/div><\/div><!-- \/.slider-wrapper --><div class=\"slider_pagination_wrap swiper-pagination\"><\/div><\/div><!-- \/.slider_container --><\/div><!-- \/.slider_outer -->\t\t\t<\/div>\n\t\t\t<\/aside><\/div><\/div><\/div><!-- \/.sc_content -->[vc_empty_space alter_height=\u00bbbiggest\u00bb hide_on_desktop=\u00bb\u00bb hide_on_notebook=\u00bb\u00bb hide_on_tablet=\u00bb\u00bb hide_on_mobile=\u00bb\u00bb][\/vc_column][vc_column fix_column=\u00bb\u00bb shift_y=\u00bbmedium\u00bb hide_bg_image_on_tablet=\u00bb\u00bb hide_bg_image_on_mobile=\u00bb\u00bb icons_position=\u00bbleft\u00bb offset=\u00bbvc_col-md-6&#8243;]<div id=\"widget_video_207161296\" class=\"widget_area sc_widget_video vc_widget_video wpb_content_element\"><aside id=\"widget_video_207161296_widget\" class=\"widget widget_video\"><div id=\"sc_video_531275917\" class=\"trx_addons_video_player with_cover hover_play\"><img src=\"https:\/\/upfilms.es\/wp-content\/uploads\/2021\/01\/foto-fondo-somos-especialistas--1170x658.jpg\" alt=\"\" width=\"1170\" height=\"658\"><div class=\"video_mask\"><\/div><div class=\"video_hover\" data-video=\"&lt;iframe title=&quot;Reel 2017 UP Films&quot; src=&quot;https:\/\/player.vimeo.com\/video\/249654405?dnt=1&amp;app_id=122963&amp;autoplay=1&quot; width=&quot;1778&quot; height=&quot;1000&quot; frameborder=&quot;0&quot; allow=&quot;autoplay; fullscreen&quot; allowfullscreen&gt;&lt;\/iframe&gt;\"><\/div><div class=\"video_embed video_frame\"><\/div><\/div><\/aside><\/div>[\/vc_column][\/vc_row][vc_row][vc_column icons_position=\u00bbleft\u00bb][vc_empty_space alter_height=\u00bblarge\u00bb hide_on_desktop=\u00bb\u00bb hide_on_notebook=\u00bb\u00bb hide_on_tablet=\u00bb\u00bb hide_on_mobile=\u00bb\u00bb][vc_empty_space alter_height=\u00bblarge\u00bb hide_on_desktop=\u00bb\u00bb hide_on_notebook=\u00bb\u00bb hide_on_tablet=\u00bb\u00bb hide_on_mobile=\u00bb\u00bb][vc_empty_space alter_height=\u00bblarge\u00bb hide_on_desktop=\u00bb\u00bb hide_on_notebook=\u00bb\u00bb hide_on_tablet=\u00bb\u00bb hide_on_mobile=\u00bb\u00bb][vc_empty_space hide_on_desktop=\u00bb\u00bb hide_on_notebook=\u00bb\u00bb hide_on_tablet=\u00bb\u00bb hide_on_mobile=\u00bb\u00bb][\/vc_column][\/vc_row][vc_row full_width=\u00bbstretch_row_content_no_spaces\u00bb][vc_column hide_bg_image_on_tablet=\u00bb\u00bb hide_bg_image_on_mobile=\u00bb\u00bb icons_position=\u00bbleft\u00bb offset=\u00bbvc_hidden-sm vc_hidden-xs\u00bb]<div id=\"sc_googlemap_1421471711_wrap\" class=\"sc_googlemap_wrap\"><div class=\"sc_googlemap_content_wrap\"><div id=\"sc_googlemap_1421471711\"\n\t\t\tclass=\"sc_googlemap sc_googlemap_default\"\n\t\t\t style=\"width:100%;height:695px;\"\t\t\tdata-zoom=\"13\"\n\t\t\tdata-center=\"\"\n\t\t\tdata-style=\"grey\"\n\t\t\tdata-cluster-icon=\"\"\n\t\t\t><iframe\n\t\t\t\t\tsrc=\"https:\/\/maps.google.com\/maps?t=m&output=embed&iwloc=near&z=13&q=CALLE+CALIDAD+34+EDIFICIO+1\"\n\t\t\t\t\taria-label=\"\"><\/iframe><\/div>\t\t\t<div class=\"sc_googlemap_content color_style_default sc_googlemap_content_default\"><div id=\"sc_title_1259386341\"\n\t\tclass=\"sc_title color_style_default sc_title_default\"><h3 class=\"sc_item_title sc_title_title sc_align_left sc_item_title_style_default\">AQU\u00cd ESTAMOS<\/h3><div class=\"sc_item_descr sc_title_descr sc_align_left\"><p>Estamos en Madrid, pero podemos desplazarnos all\u00ed donde nos necesites.<\/p>\n<\/div><div class=\"sc_item_button sc_button_wrap sc_align_left\"><a href=\"https:\/\/upfilms.es\/contacts\/\" id=\"sc_button_863509829\" class=\"sc_button color_style_default sc_button_default sc_item_button sc_item_button_default sc_title_button sc_button_size_normal sc_button_icon_left\"><span class=\"sc_button_text\"><span class=\"sc_button_title\">CONTACTO<\/span><\/span><!-- \/.sc_button_text --><\/a><!-- \/.sc_button --><\/div><!-- \/.sc_item_button --><\/div><!-- \/.sc_title --><\/div>\n\t\t<\/div>\n\t\t<\/div><!-- \/.sc_googlemap_wrap -->[\/vc_column][\/vc_row]<\/p>\n","protected":false},"excerpt":{"rendered":"<p>[vc_row equal_height=\u00bbyes\u00bb content_placement=\u00bbmiddle\u00bb][vc_column icons_position=\u00bbleft\u00bb][vc_empty_space alter_height=\u00bbbiggest\u00bb hide_on_desktop=\u00bb\u00bb hide_on_notebook=\u00bb\u00bb hide_on_tablet=\u00bb\u00bb hide_on_mobile=\u00bb\u00bb css=\u00bb.vc_custom_1510128014808{margin-top: 0.5rem !important;}\u00bb][\/vc_column][vc_column icons_position=\u00bbleft\u00bb offset=\u00bbvc_col-md-6&#8243;][vc_single_image image=\u00bb2413&#8243; img_size=\u00bbfull\u00bb alignment=\u00bbcenter\u00bb][\/vc_column][vc_column icons_position=\u00bbleft\u00bb offset=\u00bbvc_hidden-lg vc_hidden-md\u00bb][vc_empty_space alter_height=\u00bblarge\u00bb hide_on_desktop=\u00bb\u00bb hide_on_notebook=\u00bb\u00bb hide_on_tablet=\u00bb\u00bb hide_on_mobile=\u00bb\u00bb][\/vc_column][vc_column icons_position=\u00bbleft\u00bb offset=\u00bbvc_col-md-6&#8243;][vc_empty_space alter_height=\u00bbsmall\u00bb hide_on_desktop=\u00bb\u00bb hide_on_notebook=\u00bb\u00bb hide_on_tablet=\u00bb\u00bb hide_on_mobile=\u00bb\u00bb][vc_empty_space alter_height=\u00bbmedium\u00bb hide_on_desktop=\u00bb\u00bb hide_on_notebook=\u00bb\u00bb hide_on_tablet=\u00bb\u00bb hide_on_mobile=\u00bb\u00bb css=\u00bb.vc_custom_1510127314288{margin-bottom: -0.4rem !important;}\u00bb][vc_column_text]Somos un equipo apasionado por capturar la toma perfecta. Nos comprometemos a ofrecer los mejores resultados a nuestros clientes estando atentos&hellip;<\/p>\n","protected":false},"author":1,"featured_media":0,"parent":0,"menu_order":0,"comment_status":"closed","ping_status":"closed","template":"","meta":[],"_links":{"self":[{"href":"https:\/\/upfilms.es\/index.php?rest_route=\/wp\/v2\/pages\/276"}],"collection":[{"href":"https:\/\/upfilms.es\/index.php?rest_route=\/wp\/v2\/pages"}],"about":[{"href":"https:\/\/upfilms.es\/index.php?rest_route=\/wp\/v2\/types\/page"}],"author":[{"embeddable":true,"href":"https:\/\/upfilms.es\/index.php?rest_route=\/wp\/v2\/users\/1"}],"replies":[{"embeddable":true,"href":"https:\/\/upfilms.es\/index.php?rest_route=%2Fwp%2Fv2%2Fcomments&post=276"}],"version-history":[{"count":27,"href":"https:\/\/upfilms.es\/index.php?rest_route=\/wp\/v2\/pages\/276\/revisions"}],"predecessor-version":[{"id":2542,"href":"https:\/\/upfilms.es\/index.php?rest_route=\/wp\/v2\/pages\/276\/revisions\/2542"}],"wp:attachment":[{"href":"https:\/\/upfilms.es\/index.php?rest_route=%2Fwp%2Fv2%2Fmedia&parent=276"}],"curies":[{"name":"wp","href":"https:\/\/api.w.org\/{rel}","templated":true}]}}