{"id":336,"date":"2017-08-04T13:05:57","date_gmt":"2017-08-04T13:05:57","guid":{"rendered":"https:\/\/upfilms.es\/?page_id=336"},"modified":"2021-03-22T15:05:20","modified_gmt":"2021-03-22T15:05:20","slug":"home-1","status":"publish","type":"page","link":"https:\/\/upfilms.es\/","title":{"rendered":"Home 1"},"content":{"rendered":"<p>[vc_row full_width=\u00bbstretch_row_content_no_spaces\u00bb][vc_column icons_position=\u00bbleft\u00bb][rev_slider_vc alias=\u00bbrobycam\u00bb][\/vc_column][\/vc_row][vc_row][vc_column icons_position=\u00bbleft\u00bb][vc_empty_space alter_height=\u00bbmedium\u00bb hide_on_desktop=\u00bb\u00bb hide_on_notebook=\u00bb\u00bb hide_on_tablet=\u00bb\u00bb hide_on_mobile=\u00bb\u00bb css=\u00bb.vc_custom_1602090544071{margin-top: 0.15rem !important;}\u00bb][\/vc_column][\/vc_row][vc_row full_width=\u00bbstretch_row\u00bb hide_bg_image_on_tablet=\u00bb\u00bb hide_bg_image_on_mobile=\u00bb\u00bb row_delimiter=\u00bb\u00bb row_hide_unfixed=\u00bb\u00bb hide_on_desktop=\u00bb\u00bb hide_on_notebook=\u00bb\u00bb hide_on_tablet=\u00bb\u00bb hide_on_mobile=\u00bb\u00bb hide_on_frontpage=\u00bb\u00bb hide_on_singular=\u00bb\u00bb hide_on_other=\u00bb\u00bb css=\u00bb.vc_custom_1616425367467{background-image: url(https:\/\/upfilms.es\/wp-content\/uploads\/2017\/08\/img_aerial.jpg?id=325) !important;background-position: center left !important;background-repeat: no-repeat !important;background-size: cover !important;}\u00bb][vc_column width=\u00bb7\/12&#8243; icons_position=\u00bbleft\u00bb offset=\u00bbvc_col-md-5&#8243;][vc_empty_space alter_height=\u00bbbiggest\u00bb hide_on_desktop=\u00bb\u00bb hide_on_notebook=\u00bb\u00bb hide_on_tablet=\u00bb\u00bb hide_on_mobile=\u00bb\u00bb]<div id=\"sc_title_1958393093\"\n\t\tclass=\"sc_title color_style_default sc_title_default\"><h3 class=\"sc_item_title sc_title_title sc_align_left sc_item_title_style_default\">\u00bfCONOCES LA REALIDAD AUMENTADA?<\/h3><div class=\"sc_item_descr sc_title_descr sc_align_left\"><p>La tecnolog\u00eda de seguimiento AR, integra sensores de movimiento y de posici\u00f3n en nuestras cabezas giroestabilizadas con datos de la lente y de la c\u00e1mara para proporcionar una alimentaci\u00f3n de datos en tiempo real a cualquier servidor gr\u00e1fico est\u00e1ndar de la industria.<\/p>\n<p>Esto permite que los objetos virtuales y los gr\u00e1ficos de emisi\u00f3n de realidad aumentada se a\u00f1adan a la alimentaci\u00f3n de v\u00eddeo para la producci\u00f3n en directo y la composici\u00f3n sobre la marcha para aplicaciones de narraci\u00f3n y pre-visualizaci\u00f3n.<\/p>\n<\/div><div class=\"sc_item_button sc_button_wrap sc_align_left\"><a href=\"https:\/\/upfilms.es\/drones-equipment\/\" id=\"sc_button_1043756354\" class=\"sc_button color_style_default sc_button_default sc_item_button sc_item_button_default sc_title_button sc_button_size_normal sc_button_icon_left\"><span class=\"sc_button_text\"><span class=\"sc_button_title\">\u00bfQUIERES SABER MAS?<\/span><\/span><!-- \/.sc_button_text --><\/a><!-- \/.sc_button --><\/div><!-- \/.sc_item_button --><\/div><!-- \/.sc_title -->[vc_empty_space alter_height=\u00bbbiggest\u00bb hide_on_desktop=\u00bb\u00bb hide_on_notebook=\u00bb\u00bb hide_on_tablet=\u00bb\u00bb hide_on_mobile=\u00bb\u00bb][\/vc_column][vc_column width=\u00bb1\/2&#8243; scheme=\u00bbdefault\u00bb fix_column=\u00bb\u00bb icons_position=\u00bbleft\u00bb][vc_empty_space alter_height=\u00bbbiggest\u00bb hide_on_desktop=\u00bb\u00bb hide_on_notebook=\u00bb\u00bb hide_on_tablet=\u00bb\u00bb hide_on_mobile=\u00bb\u00bb][vc_single_image image=\u00bb2145&#8243; img_size=\u00bbfull\u00bb alignment=\u00bbcenter\u00bb onclick=\u00bblink_image\u00bb css=\u00bb.vc_custom_1602091529272{background-image: url(https:\/\/upfilms.es\/wp-content\/uploads\/2020\/10\/augmented-reality-tv-example2.jpg?id=2145) !important;background-position: top left !important;}\u00bb][\/vc_column][\/vc_row][vc_row full_width=\u00bbstretch_row_content_no_spaces\u00bb equal_height=\u00bbyes\u00bb hide_bg_image_on_tablet=\u00bb\u00bb hide_bg_image_on_mobile=\u00bb\u00bb css=\u00bb.vc_custom_1510156507802{background-color: #232e35 !important;}\u00bb][vc_column icons_position=\u00bbleft\u00bb offset=\u00bbvc_col-md-7&#8243;]<div id=\"widget_video_494338599\" class=\"widget_area sc_widget_video vc_widget_video wpb_content_element play-to-left\"><aside id=\"widget_video_494338599_widget\" class=\"widget widget_video\"><div id=\"sc_video_1245426730\" class=\"trx_addons_video_player with_cover hover_play\"><img src=\"https:\/\/upfilms.es\/wp-content\/uploads\/2020\/12\/galeria-34-1170x658.png\" alt=\"\" width=\"1170\" height=\"658\"><div class=\"video_mask\"><\/div><a class=\"video_hover trx_addons_popup_link\" href=\"#sc_video_1245426730_popup\"><\/a><\/div><!-- .sc_popup --><div id=\"sc_video_1245426730_popup\" class=\"sc_popup\"><div id=\"sc_video_1245426730_popup_player\" class=\"trx_addons_video_player without_cover\"><div class=\"video_embed video_frame\"><iframe title=\"Reel 2017 UP Films\" src=\"https:\/\/player.vimeo.com\/video\/249654405?dnt=1&amp;app_id=122963\" width=\"1778\" height=\"1000\" frameborder=\"0\" allow=\"autoplay; fullscreen\" allowfullscreen><\/iframe><\/div><\/div><\/div><\/aside><\/div>[\/vc_column][vc_column hide_bg_image_on_tablet=\u00bb\u00bb hide_bg_image_on_mobile=\u00bb\u00bb icons_position=\u00bbleft\u00bb offset=\u00bbvc_col-md-5&#8243;]<div class=\"sc_content_wrap sc_push_medium sc_push_hide_on_tablet sc_push_hide_on_mobile\"><div id=\"sc_content_1323928608\"\n\t\tclass=\"sc_content color_style_default scheme_dark sc_content_default sc_content_width_1_1 sc_float_center sc_shift_x_large_negative  vc_custom_1510239589854\"><div class=\"sc_content_container\">[vc_empty_space alter_height=\u00bbbiggest\u00bb hide_on_desktop=\u00bb\u00bb hide_on_notebook=\u00bb\u00bb hide_on_tablet=\u00bb\u00bb hide_on_mobile=\u00bb\u00bb css=\u00bb.vc_custom_1510214066507{margin-bottom: -0.5rem !important;}\u00bb]<div id=\"sc_content_1663521884\"\n\t\tclass=\"sc_content color_style_default scheme_dark color_style_default sc_content_default sc_content_width_2_3 sc_float_center sc_margin_medium custom_stretch-content\"><div class=\"sc_content_container\"><div id=\"sc_services_1775584179\" class=\"sc_services color_style_default sc_services_light sc_services_featured_left\"><h3 class=\"sc_item_title sc_services_title sc_align_left sc_item_title_style_default\">PUEDES CONFIAR EN NOSOTROS<\/h3><div class=\"sc_services_columns_wrap sc_item_columns sc_item_columns_3 trx_addons_columns_wrap columns_padding_bottom\"><div class=\"trx_addons_column-1_3\"><div class=\"sc_services_item with_content with_icon sc_services_item_featured_left\">\n\t<a href=\"https:\/\/upfilms.es\/?cpt_services=quality\"\n\t\t\t\t id=\"sc_services_1775584179_icon-untitled-6_1\"\n\t\t\t\t class=\"sc_services_item_icon icon-untitled-6\"><\/a>\t\n\t<div class=\"sc_services_item_info\">\n\t\t<div class=\"sc_services_item_header\">\n\t\t\t\t\t\t<h6 class=\"sc_services_item_title\">\n\t\t\t\n\t\t\tCalidad\n        <\/h6>\n\t\t\t<div class=\"sc_services_item_subtitle\"><a href=\"https:\/\/upfilms.es\/?cpt_services_group=quality\" title=\"View all posts in Quality\">Quality<\/a><\/div>\t\t<\/div>\n\t\t\t\t\t<div class=\"sc_services_item_content\"><p>Nuestros equipos cumplen todas las normas de calidad, para poder asegurar trabajos excelentes.<\/p>\n<\/div>\n\t\t\t<div class=\"sc_services_item_button sc_item_button\"><a href=\"https:\/\/upfilms.es\/?cpt_services=quality\" class=\"sc_button sc_button_simple\">Learn more<\/a><\/div>\n\t\t\t<\/div>\n<\/div>\n<\/div><div class=\"trx_addons_column-1_3\"><div class=\"sc_services_item with_content with_icon sc_services_item_featured_left\">\n\t<a href=\"https:\/\/upfilms.es\/?cpt_services=professional\"\n\t\t\t\t id=\"sc_services_1775584179_icon-untitled-7_2\"\n\t\t\t\t class=\"sc_services_item_icon icon-untitled-7\"><\/a>\t\n\t<div class=\"sc_services_item_info\">\n\t\t<div class=\"sc_services_item_header\">\n\t\t\t\t\t\t<h6 class=\"sc_services_item_title\">\n\t\t\t\n\t\t\tProfesional\n        <\/h6>\n\t\t\t<div class=\"sc_services_item_subtitle\"><a href=\"https:\/\/upfilms.es\/?cpt_services_group=quality\" title=\"View all posts in Quality\">Quality<\/a><\/div>\t\t<\/div>\n\t\t\t\t\t<div class=\"sc_services_item_content\"><p>Ofrecemos una formaci\u00f3n especial a nuestro equipo de trabajo para poder ofrecer el mayor grado de profesionalidad.\u00a0\u00a0<\/p>\n<\/div>\n\t\t\t<div class=\"sc_services_item_button sc_item_button\"><a href=\"https:\/\/upfilms.es\/?cpt_services=professional\" class=\"sc_button sc_button_simple\">Learn more<\/a><\/div>\n\t\t\t<\/div>\n<\/div>\n<\/div><div class=\"trx_addons_column-1_3\"><div class=\"sc_services_item with_content with_icon sc_services_item_featured_left\">\n\t<a href=\"https:\/\/upfilms.es\/?cpt_services=trusted\"\n\t\t\t\t id=\"sc_services_1775584179_icon-untitled-8_3\"\n\t\t\t\t class=\"sc_services_item_icon icon-untitled-8\"><\/a>\t\n\t<div class=\"sc_services_item_info\">\n\t\t<div class=\"sc_services_item_header\">\n\t\t\t\t\t\t<h6 class=\"sc_services_item_title\">\n\t\t\t\n\t\t\tCONFIANZA\n        <\/h6>\n\t\t\t<div class=\"sc_services_item_subtitle\"><a href=\"https:\/\/upfilms.es\/?cpt_services_group=quality\" title=\"View all posts in Quality\">Quality<\/a><\/div>\t\t<\/div>\n\t\t\t\t\t<div class=\"sc_services_item_content\"><p>M\u00e1s de diez a\u00f1os de experiencia nos avalan. Puedes confiar en nosotros.\u00a0<\/p>\n<\/div>\n\t\t\t<div class=\"sc_services_item_button sc_item_button\"><a href=\"https:\/\/upfilms.es\/?cpt_services=trusted\" class=\"sc_button sc_button_simple\">Learn more<\/a><\/div>\n\t\t\t<\/div>\n<\/div>\n<\/div><\/div><\/div><!-- \/.sc_services --><\/div><\/div><!-- \/.sc_content -->[vc_empty_space alter_height=\u00bbbiggest\u00bb hide_on_desktop=\u00bb\u00bb hide_on_notebook=\u00bb\u00bb hide_on_tablet=\u00bb\u00bb hide_on_mobile=\u00bb\u00bb css=\u00bb.vc_custom_1510214072035{margin-top: -2.5rem !important;}\u00bb]<\/div><\/div><!-- \/.sc_content --><\/div><!-- \/.sc_content_wrap -->[vc_row_inner][vc_column_inner fix_column=\u00bb\u00bb icons_position=\u00bbleft\u00bb offset=\u00bbvc_hidden-sm vc_hidden-xs\u00bb][vc_single_image image=\u00bb513&#8243; img_size=\u00bbfull\u00bb][\/vc_column_inner][\/vc_row_inner][\/vc_column][\/vc_row][vc_row full_width=\u00bbstretch_row\u00bb scheme=\u00bbdark\u00bb row_delimiter=\u00bb\u00bb hide_on_desktop=\u00bb\u00bb hide_on_notebook=\u00bb\u00bb hide_on_tablet=\u00bb\u00bb hide_on_mobile=\u00bb\u00bb hide_on_frontpage=\u00bb\u00bb css=\u00bb.vc_custom_1510214663093{background-color: #222d35 !important;}\u00bb][vc_column icons_position=\u00bbleft\u00bb][vc_empty_space alter_height=\u00bbbiggest\u00bb hide_on_desktop=\u00bb\u00bb hide_on_notebook=\u00bb\u00bb hide_on_tablet=\u00bb\u00bb hide_on_mobile=\u00bb\u00bb]<div id=\"sc_services_1176821672\" class=\"sc_services color_style_default sc_services_lists sc_services_featured_top sc_services_popup sc_post_details_popup\"><h3 class=\"sc_item_title sc_services_title sc_align_center sc_item_title_style_default\">Otros Servicios<\/h3><div class=\"sc_services_columns_wrap sc_item_columns sc_item_columns_4 trx_addons_columns_wrap columns_padding_bottom\"><div class=\"trx_addons_column-1_4\"><div class=\"sc_services_item with_content with_image sc_services_item_featured_top\" data-post_id=\"319\" data-post_type=\"cpt_services\">\n\t<div class=\"post_featured with_thumb hover_icon sc_services_item_thumb\"><img width=\"270\" height=\"361\" src=\"https:\/\/upfilms.es\/wp-content\/uploads\/2020\/12\/galeria-33-270x361.png\" class=\"attachment-drone_media-thumb-serv size-drone_media-thumb-serv wp-post-image\" alt=\"\" loading=\"lazy\" srcset=\"https:\/\/upfilms.es\/wp-content\/uploads\/2020\/12\/galeria-33-270x361.png 270w, https:\/\/upfilms.es\/wp-content\/uploads\/2020\/12\/galeria-33-540x722.png 540w, https:\/\/upfilms.es\/wp-content\/uploads\/2020\/12\/galeria-33-370x493.png 370w, https:\/\/upfilms.es\/wp-content\/uploads\/2020\/12\/galeria-33-740x986.png 740w\" sizes=\"(max-width: 270px) 100vw, 270px\" \/><div class=\"mask\"><\/div><div class=\"icons\"><a href=\"https:\/\/upfilms.es\/?cpt_services=travelling\" aria-hidden=\"true\" class=\"icon-search-alt\"><\/a><\/div><\/div>\t\n\t<div class=\"sc_services_item_info\">\n\t\t<div class=\"sc_services_item_header\">\n\t\t\t\t\t\t<h4 class=\"sc_services_item_title\"><a href=\"https:\/\/upfilms.es\/?cpt_services=travelling\">SCORPIO TRAVELLING HD<\/a><\/h4>\n\t\t<\/div>\n\t\t\t\t\t<div class=\"sc_services_item_content\"><ul class=\"trx_addons_list trx_addons_list_square\">\r\n<li>Robotizado<\/li>\r\n<li>Columna Autom\u00e1tica<\/li>\r\n<li>Cabeza Scorpio Mini Head<\/li>\r\n<li>Silencioso<\/li>\r\n\r\n<\/ul><\/div>\n\t\t\t<\/div>\n<\/div>\n<\/div><div class=\"trx_addons_column-1_4\"><div class=\"sc_services_item with_content with_image sc_services_item_featured_top\" data-post_id=\"318\" data-post_type=\"cpt_services\">\n\t<div class=\"post_featured with_thumb hover_icon sc_services_item_thumb\"><img width=\"270\" height=\"361\" src=\"https:\/\/upfilms.es\/wp-content\/uploads\/2017\/08\/scorpio-grua--270x361.png\" class=\"attachment-drone_media-thumb-serv size-drone_media-thumb-serv wp-post-image\" alt=\"\" loading=\"lazy\" srcset=\"https:\/\/upfilms.es\/wp-content\/uploads\/2017\/08\/scorpio-grua--270x361.png 270w, https:\/\/upfilms.es\/wp-content\/uploads\/2017\/08\/scorpio-grua--540x722.png 540w, https:\/\/upfilms.es\/wp-content\/uploads\/2017\/08\/scorpio-grua--370x493.png 370w, https:\/\/upfilms.es\/wp-content\/uploads\/2017\/08\/scorpio-grua--740x986.png 740w\" sizes=\"(max-width: 270px) 100vw, 270px\" \/><div class=\"mask\"><\/div><div class=\"icons\"><a href=\"https:\/\/upfilms.es\/?cpt_services=property-tours-2\" aria-hidden=\"true\" class=\"icon-search-alt\"><\/a><\/div><\/div>\t\n\t<div class=\"sc_services_item_info\">\n\t\t<div class=\"sc_services_item_header\">\n\t\t\t\t\t\t<h4 class=\"sc_services_item_title\"><a href=\"https:\/\/upfilms.es\/?cpt_services=property-tours-2\">GRUAS TELESCOPICAS<\/a><\/h4>\n\t\t<\/div>\n\t\t\t\t\t<div class=\"sc_services_item_content\"><ul class=\"trx_addons_list trx_addons_list_square\">\r\n<li>Scorpio<\/li>\r\n<li>Egripment<\/li>\r\n<li>Realidad Aumentada<\/li>\r\n<li>Varios tama\u00f1os<\/li>\r\n<\/ul><\/div>\n\t\t\t<\/div>\n<\/div>\n<\/div><div class=\"trx_addons_column-1_4\"><div class=\"sc_services_item with_content with_image sc_services_item_featured_top\" data-post_id=\"317\" data-post_type=\"cpt_services\">\n\t<div class=\"post_featured with_thumb hover_icon sc_services_item_thumb\"><img width=\"270\" height=\"361\" src=\"https:\/\/upfilms.es\/wp-content\/uploads\/2017\/08\/BlackArmCmp-Tranquilizer-270x361.jpg\" class=\"attachment-drone_media-thumb-serv size-drone_media-thumb-serv wp-post-image\" alt=\"\" loading=\"lazy\" srcset=\"https:\/\/upfilms.es\/wp-content\/uploads\/2017\/08\/BlackArmCmp-Tranquilizer-270x361.jpg 270w, https:\/\/upfilms.es\/wp-content\/uploads\/2017\/08\/BlackArmCmp-Tranquilizer-540x722.jpg 540w, https:\/\/upfilms.es\/wp-content\/uploads\/2017\/08\/BlackArmCmp-Tranquilizer-370x493.jpg 370w\" sizes=\"(max-width: 270px) 100vw, 270px\" \/><div class=\"mask\"><\/div><div class=\"icons\"><a href=\"https:\/\/upfilms.es\/?cpt_services=multimedia-2\" aria-hidden=\"true\" class=\"icon-search-alt\"><\/a><\/div><\/div>\t\n\t<div class=\"sc_services_item_info\">\n\t\t<div class=\"sc_services_item_header\">\n\t\t\t\t\t\t<h4 class=\"sc_services_item_title\"><a href=\"https:\/\/upfilms.es\/?cpt_services=multimedia-2\">FLOWCINE BLACK ARM<\/a><\/h4>\n\t\t<\/div>\n\t\t\t\t\t<div class=\"sc_services_item_content\"><ul class=\"trx_addons_list trx_addons_list_square\">\r\n<li>Estabilizaci\u00f3n para altas velocidades<\/li>\r\n<li>Camara Car<\/li>\r\n<li>Hasta 15 KG<\/li>\r\n<\/ul><\/div>\n\t\t\t<\/div>\n<\/div>\n<\/div><div class=\"trx_addons_column-1_4\"><div class=\"sc_services_item with_content with_image sc_services_item_featured_top\" data-post_id=\"310\" data-post_type=\"cpt_services\">\n\t<div class=\"post_featured with_thumb hover_icon sc_services_item_thumb\"><img width=\"270\" height=\"361\" src=\"https:\/\/upfilms.es\/wp-content\/uploads\/2017\/08\/JIMMY-JIB-TRIANGLE-5-1-600x600-1-270x361.jpg\" class=\"attachment-drone_media-thumb-serv size-drone_media-thumb-serv wp-post-image\" alt=\"\" loading=\"lazy\" srcset=\"https:\/\/upfilms.es\/wp-content\/uploads\/2017\/08\/JIMMY-JIB-TRIANGLE-5-1-600x600-1-270x361.jpg 270w, https:\/\/upfilms.es\/wp-content\/uploads\/2017\/08\/JIMMY-JIB-TRIANGLE-5-1-600x600-1-370x493.jpg 370w\" sizes=\"(max-width: 270px) 100vw, 270px\" \/><div class=\"mask\"><\/div><div class=\"icons\"><a href=\"https:\/\/upfilms.es\/?cpt_services=360-vr-2\" aria-hidden=\"true\" class=\"icon-search-alt\"><\/a><\/div><\/div>\t\n\t<div class=\"sc_services_item_info\">\n\t\t<div class=\"sc_services_item_header\">\n\t\t\t\t\t\t<h4 class=\"sc_services_item_title\"><a href=\"https:\/\/upfilms.es\/?cpt_services=360-vr-2\">GRUAS RIGIDAS<\/a><\/h4>\n\t\t<\/div>\n\t\t\t\t\t<div class=\"sc_services_item_content\"><ul class=\"trx_addons_list trx_addons_list_square\">\r\n<li>Jimmy Jib<\/li>\r\n<li>Polecam<\/li>\r\n<li>Vias<\/li>\r\n\r\n<\/ul><\/div>\n\t\t\t<\/div>\n<\/div>\n<\/div><\/div><\/div><!-- \/.sc_services -->[vc_empty_space alter_height=\u00bbbiggest\u00bb hide_on_desktop=\u00bb\u00bb hide_on_notebook=\u00bb\u00bb hide_on_tablet=\u00bb\u00bb hide_on_mobile=\u00bb\u00bb css=\u00bb.vc_custom_1510218130916{margin-bottom: -2.9rem !important;}\u00bb][\/vc_column][\/vc_row][vc_row full_width=\u00bbstretch_row_content_no_spaces\u00bb][vc_column hide_bg_image_on_tablet=\u00bb\u00bb hide_bg_image_on_mobile=\u00bb\u00bb icons_position=\u00bbleft\u00bb offset=\u00bbvc_hidden-sm vc_hidden-xs\u00bb]<div id=\"sc_googlemap_1219938236_wrap\" class=\"sc_googlemap_wrap\"><div class=\"sc_googlemap_content_wrap\"><div id=\"sc_googlemap_1219938236\"\n\t\t\tclass=\"sc_googlemap sc_googlemap_default\"\n\t\t\t style=\"width:100%;height:695px;\"\t\t\tdata-zoom=\"10\"\n\t\t\tdata-center=\"\"\n\t\t\tdata-style=\"grey\"\n\t\t\tdata-cluster-icon=\"\"\n\t\t\t><iframe\n\t\t\t\t\tsrc=\"https:\/\/maps.google.com\/maps?t=m&output=embed&iwloc=near&z=10&q=CALLE+CALIDAD+34+28906\"\n\t\t\t\t\taria-label=\"\"><\/iframe><\/div>\t\t\t<div class=\"sc_googlemap_content color_style_default sc_googlemap_content_default\"><div id=\"sc_title_2057085556\"\n\t\tclass=\"sc_title color_style_default sc_title_default\"><h3 class=\"sc_item_title sc_title_title sc_align_left sc_item_title_style_default\">AQU\u00cd ESTAMOS<\/h3><div class=\"sc_item_descr sc_title_descr sc_align_left\"><p>Estamos en Madrid, pero podemos desplazarnos all\u00ed donde nos necesites.<\/p>\n<\/div><div class=\"sc_item_button sc_button_wrap sc_align_left\"><a href=\"https:\/\/upfilms.es\/contacts\/\" id=\"sc_button_1513448131\" class=\"sc_button color_style_default sc_button_default sc_item_button sc_item_button_default sc_title_button sc_button_size_normal sc_button_icon_left\"><span class=\"sc_button_text\"><span class=\"sc_button_title\">CONTACTO<\/span><\/span><!-- \/.sc_button_text --><\/a><!-- \/.sc_button --><\/div><!-- \/.sc_item_button --><\/div><!-- \/.sc_title --><\/div>\n\t\t<\/div>\n\t\t<\/div><!-- \/.sc_googlemap_wrap -->[\/vc_column][\/vc_row][vc_row][vc_column icons_position=\u00bbleft\u00bb][\/vc_column][\/vc_row]<\/p>\n","protected":false},"excerpt":{"rendered":"<p>[vc_row full_width=\u00bbstretch_row_content_no_spaces\u00bb][vc_column icons_position=\u00bbleft\u00bb][rev_slider_vc alias=\u00bbrobycam\u00bb][\/vc_column][\/vc_row][vc_row][vc_column icons_position=\u00bbleft\u00bb][vc_empty_space alter_height=\u00bbmedium\u00bb hide_on_desktop=\u00bb\u00bb hide_on_notebook=\u00bb\u00bb hide_on_tablet=\u00bb\u00bb hide_on_mobile=\u00bb\u00bb css=\u00bb.vc_custom_1602090544071{margin-top: 0.15rem !important;}\u00bb][\/vc_column][\/vc_row][vc_row full_width=\u00bbstretch_row\u00bb hide_bg_image_on_tablet=\u00bb\u00bb hide_bg_image_on_mobile=\u00bb\u00bb row_delimiter=\u00bb\u00bb row_hide_unfixed=\u00bb\u00bb hide_on_desktop=\u00bb\u00bb hide_on_notebook=\u00bb\u00bb hide_on_tablet=\u00bb\u00bb hide_on_mobile=\u00bb\u00bb hide_on_frontpage=\u00bb\u00bb hide_on_singular=\u00bb\u00bb hide_on_other=\u00bb\u00bb css=\u00bb.vc_custom_1616425367467{background-image: url(https:\/\/upfilms.es\/wp-content\/uploads\/2017\/08\/img_aerial.jpg?id=325) !important;background-position: center left !important;background-repeat: no-repeat !important;background-size: cover !important;}\u00bb][vc_column width=\u00bb7\/12&#8243; icons_position=\u00bbleft\u00bb offset=\u00bbvc_col-md-5&#8243;][vc_empty_space alter_height=\u00bbbiggest\u00bb hide_on_desktop=\u00bb\u00bb hide_on_notebook=\u00bb\u00bb hide_on_tablet=\u00bb\u00bb hide_on_mobile=\u00bb\u00bb][vc_empty_space alter_height=\u00bbbiggest\u00bb hide_on_desktop=\u00bb\u00bb hide_on_notebook=\u00bb\u00bb hide_on_tablet=\u00bb\u00bb hide_on_mobile=\u00bb\u00bb][\/vc_column][vc_column width=\u00bb1\/2&#8243; scheme=\u00bbdefault\u00bb fix_column=\u00bb\u00bb icons_position=\u00bbleft\u00bb][vc_empty_space alter_height=\u00bbbiggest\u00bb hide_on_desktop=\u00bb\u00bb hide_on_notebook=\u00bb\u00bb hide_on_tablet=\u00bb\u00bb hide_on_mobile=\u00bb\u00bb][vc_single_image image=\u00bb2145&#8243; img_size=\u00bbfull\u00bb alignment=\u00bbcenter\u00bb&hellip;<\/p>\n","protected":false},"author":1,"featured_media":0,"parent":0,"menu_order":0,"comment_status":"closed","ping_status":"closed","template":"","meta":[],"_links":{"self":[{"href":"https:\/\/upfilms.es\/index.php?rest_route=\/wp\/v2\/pages\/336"}],"collection":[{"href":"https:\/\/upfilms.es\/index.php?rest_route=\/wp\/v2\/pages"}],"about":[{"href":"https:\/\/upfilms.es\/index.php?rest_route=\/wp\/v2\/types\/page"}],"author":[{"embeddable":true,"href":"https:\/\/upfilms.es\/index.php?rest_route=\/wp\/v2\/users\/1"}],"replies":[{"embeddable":true,"href":"https:\/\/upfilms.es\/index.php?rest_route=%2Fwp%2Fv2%2Fcomments&post=336"}],"version-history":[{"count":53,"href":"https:\/\/upfilms.es\/index.php?rest_route=\/wp\/v2\/pages\/336\/revisions"}],"predecessor-version":[{"id":2553,"href":"https:\/\/upfilms.es\/index.php?rest_route=\/wp\/v2\/pages\/336\/revisions\/2553"}],"wp:attachment":[{"href":"https:\/\/upfilms.es\/index.php?rest_route=%2Fwp%2Fv2%2Fmedia&parent=336"}],"curies":[{"name":"wp","href":"https:\/\/api.w.org\/{rel}","templated":true}]}}